{"id":835,"date":"2023-11-20T15:05:40","date_gmt":"2023-11-20T15:05:40","guid":{"rendered":"https:\/\/axarquitectura.com\/aviso-legal\/"},"modified":"2024-05-07T13:37:53","modified_gmt":"2024-05-07T13:37:53","slug":"aviso-legal","status":"publish","type":"page","link":"https:\/\/axarquitectura.com\/es\/aviso-legal\/","title":{"rendered":"Aviso legal"},"content":{"rendered":"[vc_row type=\u00bbin_container\u00bb full_screen_row_position=\u00bbmiddle\u00bb column_margin=\u00bbdefault\u00bb column_direction=\u00bbdefault\u00bb column_direction_tablet=\u00bbdefault\u00bb column_direction_phone=\u00bbdefault\u00bb scene_position=\u00bbcenter\u00bb top_margin=\u00bb130&#8243; top_margin_phone=\u00bb80&#8243; text_color=\u00bbdark\u00bb text_align=\u00bbleft\u00bb row_border_radius=\u00bbnone\u00bb row_border_radius_applies=\u00bbbg\u00bb overflow=\u00bbvisible\u00bb overlay_strength=\u00bb0.3&#8243; gradient_direction=\u00bbleft_to_right\u00bb shape_divider_position=\u00bbbottom\u00bb bg_image_animation=\u00bbnone\u00bb gradient_type=\u00bbdefault\u00bb shape_type=\u00bb\u00bb][vc_column column_padding=\u00bbno-extra-padding\u00bb column_padding_tablet=\u00bbinherit\u00bb column_padding_phone=\u00bbinherit\u00bb column_padding_position=\u00bball\u00bb column_element_direction_desktop=\u00bbdefault\u00bb column_element_spacing=\u00bbdefault\u00bb desktop_text_alignment=\u00bbdefault\u00bb tablet_text_alignment=\u00bbdefault\u00bb phone_text_alignment=\u00bbdefault\u00bb background_color_opacity=\u00bb1&#8243; background_hover_color_opacity=\u00bb1&#8243; column_backdrop_filter=\u00bbnone\u00bb column_shadow=\u00bbnone\u00bb column_border_radius=\u00bbnone\u00bb column_link_target=\u00bb_self\u00bb column_position=\u00bbdefault\u00bb gradient_direction=\u00bbleft_to_right\u00bb overlay_strength=\u00bb0.3&#8243; width=\u00bb1\/1&#8243; tablet_width_inherit=\u00bbdefault\u00bb animation_type=\u00bbdefault\u00bb bg_image_animation=\u00bbnone\u00bb border_type=\u00bbsimple\u00bb column_border_width=\u00bbnone\u00bb column_border_style=\u00bbsolid\u00bb][vc_column_text]\n<h1 class=\"wp-block-heading\" style=\"text-align: justify;\">Aviso legal<\/h1>\n<p>&nbsp;<\/p>\n<p style=\"text-align: justify;\"><strong>ALEIX DEL CAMPO CASTELLO <\/strong>le garantiza que todos los datos que nos aporte ser\u00e1n tratados con absoluta confidencialidad y total respecto a la vigente Ley Org\u00e1nica de Protecci\u00f3n de Datos. Toda la documentaci\u00f3n y datos que nos facilite ser\u00e1n transferidos al propio personal <strong>ALEIX DEL CAMPO CASTELLO<\/strong> y otras entidades colaboradoras con el \u00fanico objetivo de su an\u00e1lisis. En ning\u00fan caso y bajo ning\u00fan concepto ser\u00e1n manipulados ni vendidos a terceros.<\/p>\n<p style=\"text-align: justify;\"><strong>ALEIX DEL CAMPO CASTELLO <\/strong>s\u00f3lo le solicitar\u00e1 la documentaci\u00f3n que sea estrictamente necesaria para la autorizaci\u00f3n del servicio que nos solicite. <strong>ALEIX DEL CAMPO CASTELLO<\/strong>, una vez cerrada la solicitud de nuestros servicios, tiene el derecho de guardar la documentaci\u00f3n que nos aporta para poder realizar estudios de mercado y estad\u00edsticas, as\u00ed como para poder llamarle en un futuro y ofrecerle nuevos productos y\/o servicios<\/p>\n<p style=\"text-align: justify;\">En cualquier momento podr\u00e1 ejercer su derecho de acceso, rectificaci\u00f3n y cancelaci\u00f3n de los datos facilitados. Estos actos los realizar\u00e1 ante cualquier trabajador del equipo de an\u00e1lisis de nuestra empresa.<\/p>\n<h4 style=\"text-align: justify;\">CONDICIONES GENERALES DE CONTRATACI\u00d3N.<\/h4>\n<p style=\"text-align: justify;\">Este documento establece las condiciones generales de contrataci\u00f3n de la empresa <strong>ALEIX DEL CAMPO CASTELLO<\/strong>. Las condiciones generales de contrataci\u00f3n regulan la relaci\u00f3n contractual entre <strong>ALEIX DEL CAMPO CASTELLO<\/strong> y las personas f\u00edsicas y\/o jur\u00eddicas que suscriban con la citada empresa el correspondiente contrato de intermediaci\u00f3n para la gesti\u00f3n de servicios.<\/p>\n<p style=\"text-align: justify;\"><strong>1.-<\/strong> <strong>ALEIX DEL CAMPO CASTELLO<\/strong>, con NIF n\u00famero 41551607Z, y domicilio en Travessera de les corts, 31, \u00e1tico 3a \u2013 08028 Barcelona. Su trabajo consiste en ofrecer servicios de proyectos, arquitectura, interiorismo, dise\u00f1o, direcci\u00f3n de obra y rehabilitaciones de viviendas, comercios, empresas\u2026 tanto a nivel particular como profesional.<br \/>\n<strong>2.-<\/strong>El precio total que LOS CLIENTES tendr\u00e1n que abonar a<strong>ALEIX DEL CAMPO CASTELLO <\/strong>por su labor, ser\u00e1 el importe acordado en el contrato firmado antes de empezar cualquier prestaci\u00f3n de servicio. La forma de pago se establecer\u00e1 en el momento de la firma del contrato.<\/p>\n<p style=\"text-align: justify;\"><strong>3.-ALEIX DEL CAMPO CASTELLO<\/strong> dispone de p\u00e1gina web <a href=\"https:\/\/axarquitectura.com\/es\/\">axarquitectura.com<\/a><\/p>\n<p style=\"text-align: justify;\"><strong>4.-<\/strong>En cumplimiento de lo que dispone la Ley Org\u00e1nica 15\/1999, de 13 de diciembre, de Protecci\u00f3n de Datos de Car\u00e1cter Personal, y el Real Decreto 1720\/2007, de 21 de diciembre, por el que se aprueba el Reglamento de desarrollo de la LOPD , y de cualesquiera otras normas vigentes o que en el futuro vengan a sustituirlas y\/o modificarlas, se aplicar\u00e1 lo siguiente<\/p>\n<p style=\"text-align: justify;\">a) Los datos de car\u00e1cter personal facilitados por los CLIENTES quedar\u00e1n registrados en el fichero de <strong>ALEIX DEL CAMPO CASTELLO<\/strong>, inscrito en el Registro General de Protecci\u00f3n de Datos. Estos datos s\u00f3lo ser\u00e1n accesibles al personal de esta entidad, y ser\u00e1n cedidos \u00fanica y exclusivamente a las entidades con las que <strong>ALEIX DEL CAMPO CASTELLO <\/strong>colabora.<\/p>\n<p style=\"text-align: justify;\">b) Siempre que sea necesario acceder a cualquier informaci\u00f3n legal, <strong>ALEIX DEL CAMPO CASTELLO<\/strong>, pedir\u00e1 autorizaci\u00f3n a sus CLIENTES.<\/p>\n<p style=\"text-align: justify;\">c) En cualquier momento, LOS CLIENTES podr\u00e1n ejercitar su derecho de acceso, rectificaci\u00f3n, oposici\u00f3n y cancelaci\u00f3n de los datos que ha facilitado a <strong>ALEIX DEL CAMPO CASTELLO<\/strong>. El ejercicio de este derecho debe hacerlo ante el responsable del fichero, mediante comunicaci\u00f3n escrita dirigida a: <strong>ALEIX DEL CAMPO CASTELLO<\/strong>, Travessera de les corts, 31, atic 3a \u2013 08028 Barcelona<\/p>\n[\/vc_column_text][\/vc_column][\/vc_row]\n","protected":false},"excerpt":{"rendered":"<p>[vc_row type=\u00bbin_container\u00bb full_screen_row_position=\u00bbmiddle\u00bb column_margin=\u00bbdefault\u00bb column_direction=\u00bbdefault\u00bb column_direction_tablet=\u00bbdefault\u00bb column_direction_phone=\u00bbdefault\u00bb scene_position=\u00bbcenter\u00bb top_margin=\u00bb130&#8243; top_margin_phone=\u00bb80&#8243; text_color=\u00bbdark\u00bb text_align=\u00bbleft\u00bb row_border_radius=\u00bbnone\u00bb row_border_radius_applies=\u00bbbg\u00bb overflow=\u00bbvisible\u00bb overlay_strength=\u00bb0.3&#8243; gradient_direction=\u00bbleft_to_right\u00bb shape_divider_position=\u00bbbottom\u00bb bg_image_animation=\u00bbnone\u00bb gradient_type=\u00bbdefault\u00bb shape_type=\u00bb\u00bb][vc_column column_padding=\u00bbno-extra-padding\u00bb column_padding_tablet=\u00bbinherit\u00bb column_padding_phone=\u00bbinherit\u00bb column_padding_position=\u00bball\u00bb column_element_direction_desktop=\u00bbdefault\u00bb column_element_spacing=\u00bbdefault\u00bb desktop_text_alignment=\u00bbdefault\u00bb tablet_text_alignment=\u00bbdefault\u00bb phone_text_alignment=\u00bbdefault\u00bb&#8230;<\/p>\n","protected":false},"author":1,"featured_media":0,"parent":0,"menu_order":0,"comment_status":"closed","ping_status":"closed","template":"","meta":{"footnotes":""},"class_list":["post-835","page","type-page","status-publish"],"_links":{"self":[{"href":"https:\/\/axarquitectura.com\/es\/wp-json\/wp\/v2\/pages\/835","targetHints":{"allow":["GET"]}}],"collection":[{"href":"https:\/\/axarquitectura.com\/es\/wp-json\/wp\/v2\/pages"}],"about":[{"href":"https:\/\/axarquitectura.com\/es\/wp-json\/wp\/v2\/types\/page"}],"author":[{"embeddable":true,"href":"https:\/\/axarquitectura.com\/es\/wp-json\/wp\/v2\/users\/1"}],"replies":[{"embeddable":true,"href":"https:\/\/axarquitectura.com\/es\/wp-json\/wp\/v2\/comments?post=835"}],"version-history":[{"count":2,"href":"https:\/\/axarquitectura.com\/es\/wp-json\/wp\/v2\/pages\/835\/revisions"}],"predecessor-version":[{"id":837,"href":"https:\/\/axarquitectura.com\/es\/wp-json\/wp\/v2\/pages\/835\/revisions\/837"}],"wp:attachment":[{"href":"https:\/\/axarquitectura.com\/es\/wp-json\/wp\/v2\/media?parent=835"}],"curies":[{"name":"wp","href":"https:\/\/api.w.org\/{rel}","templated":true}]}}